{"id":66,"date":"2016-12-26T12:17:55","date_gmt":"2016-12-26T11:17:55","guid":{"rendered":"http:\/\/prix-rotary-de-la-citoyennete.org\/?page_id=66"},"modified":"2026-02-13T17:18:12","modified_gmt":"2026-02-13T16:18:12","slug":"appel-a-candidature","status":"publish","type":"page","link":"https:\/\/prix-rotary-de-la-citoyennete.org\/index.php\/appel-a-candidature\/","title":{"rendered":"Appel \u00e0 candidature 2026"},"content":{"rendered":"<p class=\"style28 style29\" align=\"center\"><img loading=\"lazy\" decoding=\"async\" class=\"alignleft\" src=\"http:\/\/prix-rotary-de-la-citoyennete.org\/wp-content\/uploads\/2016\/12\/cropped-Prix_Rotary_de_la_Citoyennet-1-300x115.png\" width=\"207\" height=\"86\" \/><strong>LES ROTARY CLUBS de BRUXELLES, BRUXELLES ALTITUDE,\u00a0 ATOMIUM, BRUOCSELLA,\u00a0 CANTERSTEEN, ERASME,\u00a0 EST,\u00a0 EUROPE,\u00a0 FOR\u00caT DE SOIGNES, NORD,\u00a0 OUEST, RENAISSANCE,\u00a0 SUD,\u00a0 TERCOIGNE, VAL DUCHESSE,\u00a0 VESALE, RHODE St GENESE, WEZEMBEEK KRAAINEM et le PROBUS CHANT D\u2019OISEAU <\/strong>annoncent<\/p>\n<p style=\"text-align: center;\"><strong> <em>leur<\/em> <em>17\u00e8me<\/em> <em>Prix Rotary de la Citoyennet\u00e9, d\u2019un montant de <u>30 000 EUR<\/u>.<\/em><\/strong><\/p>\n<p>La Citoyennet\u00e9, sujet br\u00fblant aujourd\u2019hui, repr\u00e9sente pour tous la capacit\u00e9 et la volont\u00e9 de partager les m\u00eames valeurs de respect et de tol\u00e9rance entre tous les citoyens.<\/p>\n<p>Les Clubs Rotary de Bruxelles et environs, associ\u00e9s pour la circonstance, veulent continuer \u00e0 promouvoir l\u2019action d\u00e9sint\u00e9ress\u00e9e, en particulier aupr\u00e8s et pour les jeunes.<\/p>\n<p>Ce Prix est destin\u00e9 \u00e0 r\u00e9compenser une ou plusieurs r\u00e9alisations g\u00e9n\u00e9reuses attestant d\u2019une attitude de <strong>citoyen responsable<\/strong> en l&rsquo;une ou l&rsquo;autre circonstance, dans les relations avec le monde, l\u2019\u00c9tat, la vie familiale, professionnelle, et aussi les loisirs. Il s\u2019adresse \u00e0 tout organisme ou groupe de personnes qui ont accompli une telle r\u00e9alisation, qu\u2019elle soit termin\u00e9e ou en cours. Il va de soi que l&rsquo;action consid\u00e9r\u00e9e peut prendre racine indiff\u00e9remment dans des domaines aussi divers que les milieux associatifs et culturels, l&rsquo;enseignement, l&rsquo;entreprise, la presse, le monde commercial, la m\u00e9decine, la police, la magistrature, et tant d&rsquo;autres.<\/p>\n<p>Le Prix est attribu\u00e9 de pr\u00e9f\u00e9rence au(x) Projet(s) tendant \u00e0 d\u00e9velopper le sens civique chez les jeunes. En renouvelant ce Prix, les Rotary Clubs veulent sensibiliser l&rsquo;esprit et le c\u0153ur de chacun aux valeurs qu&rsquo;il convient plus que jamais de sauvegarder et de promouvoir.<\/p>\n<p>Un jury compos\u00e9 de membres des Rotary Clubs et du Probus attribuera le Prix au(x) Projet(s) r\u00e9pondant, \u00e0 ses yeux, le mieux aux crit\u00e8res \u00e9tablis.<\/p>\n<p>Le r\u00e8glement complet du Prix peut \u00eatre consult\u00e9 sur le site : <a href=\"https:\/\/prix-rotary-de-la-citoyennete.org\/index.php\/description-et-reglement\/\">https:\/\/prix-rotary-de-la-citoyennete.org\/index.php\/description-et-reglement\/<\/a><\/p>\n<p>Les Dossiers de candidatures doivent \u00eatre envoy\u00e9s <strong>exclusivement<\/strong> <strong>par mail<\/strong> \u00e0 partir du 15\/02\/2026 \u00e0 l\u2019adresse <a href=\"mailto:secretariat@prix-rotary-de-la-citoyennete.org\"><u>secretariat@prix\u2011rotary\u2011de\u2011la\u2011citoyennete.org<\/u><\/a>, au plus tard le 26<u><strong> Avril 2026<\/strong><\/u>. Tout renseignement peut \u00e9galement \u00eatre obtenu via cette adresse mail. Un accus\u00e9 de r\u00e9ception sera envoy\u00e9 \u00e0 toute candidature re\u00e7ue.<\/p>\n<p>Le Prix 2026 sera remis ce <strong><u>jeudi 11 juin 2026 \u00e0 19:00 hrs<\/u><\/strong>. dans la Salle du Coll\u00e8ge de l\u2019Administration Communale de Woluwe-St-Pierre\u00a0 <strong><u>Avenue Ch Tielemans\u00a0 93, 1150 Bruxelles<\/u><\/strong>.<\/p>\n<p class=\"style24\"><img loading=\"lazy\" decoding=\"async\" class=\"size-medium wp-image-9 alignright\" src=\"http:\/\/prix-rotary-de-la-citoyennete.org\/wp-content\/uploads\/2016\/12\/cropped-Prix_Rotary_de_la_Citoyennet-1-300x115.png\" alt=\"\" width=\"300\" height=\"115\" \/><\/p>\n","protected":false},"excerpt":{"rendered":"<p>LES ROTARY CLUBS de BRUXELLES, BRUXELLES ALTITUDE,\u00a0 ATOMIUM, BRUOCSELLA,\u00a0 CANTERSTEEN, ERASME,\u00a0 EST,\u00a0 EUROPE,\u00a0 FOR\u00caT DE SOIGNES, NORD,\u00a0 OUEST, RENAISSANCE,\u00a0 SUD,\u00a0 TERCOIGNE, VAL DUCHESSE,\u00a0 VESALE, RHODE St GENESE, WEZEMBEEK KRAAINEM et <a class=\"more-link\" href=\"https:\/\/prix-rotary-de-la-citoyennete.org\/index.php\/appel-a-candidature\/\">Continue Reading \u2192<\/a><\/p>\n","protected":false},"author":1,"featured_media":0,"parent":0,"menu_order":0,"comment_status":"closed","ping_status":"closed","template":"","meta":{"footnotes":""},"class_list":["post-66","page","type-page","status-publish","hentry"],"_links":{"self":[{"href":"https:\/\/prix-rotary-de-la-citoyennete.org\/index.php\/wp-json\/wp\/v2\/pages\/66","targetHints":{"allow":["GET"]}}],"collection":[{"href":"https:\/\/prix-rotary-de-la-citoyennete.org\/index.php\/wp-json\/wp\/v2\/pages"}],"about":[{"href":"https:\/\/prix-rotary-de-la-citoyennete.org\/index.php\/wp-json\/wp\/v2\/types\/page"}],"author":[{"embeddable":true,"href":"https:\/\/prix-rotary-de-la-citoyennete.org\/index.php\/wp-json\/wp\/v2\/users\/1"}],"replies":[{"embeddable":true,"href":"https:\/\/prix-rotary-de-la-citoyennete.org\/index.php\/wp-json\/wp\/v2\/comments?post=66"}],"version-history":[{"count":37,"href":"https:\/\/prix-rotary-de-la-citoyennete.org\/index.php\/wp-json\/wp\/v2\/pages\/66\/revisions"}],"predecessor-version":[{"id":517,"href":"https:\/\/prix-rotary-de-la-citoyennete.org\/index.php\/wp-json\/wp\/v2\/pages\/66\/revisions\/517"}],"wp:attachment":[{"href":"https:\/\/prix-rotary-de-la-citoyennete.org\/index.php\/wp-json\/wp\/v2\/media?parent=66"}],"curies":[{"name":"wp","href":"https:\/\/api.w.org\/{rel}","templated":true}]}}