{"id":60,"date":"2016-12-26T12:17:13","date_gmt":"2016-12-26T11:17:13","guid":{"rendered":"http:\/\/prix-rotary-de-la-citoyennete.org\/?page_id=60"},"modified":"2026-02-13T17:28:56","modified_gmt":"2026-02-13T16:28:56","slug":"objectif","status":"publish","type":"page","link":"https:\/\/prix-rotary-de-la-citoyennete.org\/index.php\/objectif\/","title":{"rendered":"Objectifs"},"content":{"rendered":"<p class=\"style24\"><img loading=\"lazy\" decoding=\"async\" class=\"wp-image-9 alignleft\" src=\"http:\/\/prix-rotary-de-la-citoyennete.org\/wp-content\/uploads\/2016\/12\/cropped-Prix_Rotary_de_la_Citoyennet-1-300x115.png\" alt=\"\" width=\"204\" height=\"83\" \/><\/p>\n<p>Ce prix de <strong><u>30.000 \u20ac<\/u><\/strong> est d\u00e9cern\u00e9 tous les deux ans, apr\u00e8s \u00e9tude et d\u00e9lib\u00e9ration, par un jury compos\u00e9 de membres des Rotary Clubs participant, du Probus et de Fran\u00e7oise Fontaine, .<\/p>\n<p>Le Prix Rotary de la Citoyennet\u00e9 a pour objectif de soutenir, par un don financier, un ou plusieurs projets de \u00ab\u00a0Citoyennet\u00e9 Responsable\u00a0\u00bb qui se sont distingu\u00e9s par une contribution remarquable, au profit des habitants de la R\u00e9gion de Bruxelles (19 Communes plus 6 Communes \u00e0 facilit\u00e9s).<\/p>\n<p>Le Prix a \u00e9t\u00e9 cr\u00e9\u00e9 en hommage \u00e0 2 \u00e9minents Rotariens aujourd\u2019hui disparus, JF Fontaine et Guy Demoulin, tous deux Past Pr\u00e9sidents des Clubs Rotary de Bxl\u2011For\u00eat de Soignes et de Wezembeek\u2011Kraainem.<\/p>\n<p class=\"style24\">Ces actions civiques, qui s&rsquo;imposent au respect de tous, peuvent \u00eatre accomplies par un jeune, un adulte ou un groupe de personnes et attestent d&rsquo;une attitude de citoyen responsable en l&rsquo;une ou l&rsquo;autre circonstance, notamment dans les relations avec le monde ou l&rsquo;Etat, la vie sociale, familiale ou professionnelle ou encore dans l\u2019univers des loisirs.<\/p>\n<p><img loading=\"lazy\" decoding=\"async\" class=\"size-medium wp-image-9 alignright\" src=\"http:\/\/prix-rotary-de-la-citoyennete.org\/wp-content\/uploads\/2016\/12\/cropped-Prix_Rotary_de_la_Citoyennet-1-300x115.png\" alt=\"\" width=\"300\" height=\"115\" \/><\/p>\n","protected":false},"excerpt":{"rendered":"<p>Ce prix de 30.000 \u20ac est d\u00e9cern\u00e9 tous les deux ans, apr\u00e8s \u00e9tude et d\u00e9lib\u00e9ration, par un jury compos\u00e9 de membres des Rotary Clubs participant, du Probus et de Fran\u00e7oise <a class=\"more-link\" href=\"https:\/\/prix-rotary-de-la-citoyennete.org\/index.php\/objectif\/\">Continue Reading \u2192<\/a><\/p>\n","protected":false},"author":1,"featured_media":0,"parent":0,"menu_order":0,"comment_status":"closed","ping_status":"closed","template":"","meta":{"footnotes":""},"class_list":["post-60","page","type-page","status-publish","hentry"],"_links":{"self":[{"href":"https:\/\/prix-rotary-de-la-citoyennete.org\/index.php\/wp-json\/wp\/v2\/pages\/60","targetHints":{"allow":["GET"]}}],"collection":[{"href":"https:\/\/prix-rotary-de-la-citoyennete.org\/index.php\/wp-json\/wp\/v2\/pages"}],"about":[{"href":"https:\/\/prix-rotary-de-la-citoyennete.org\/index.php\/wp-json\/wp\/v2\/types\/page"}],"author":[{"embeddable":true,"href":"https:\/\/prix-rotary-de-la-citoyennete.org\/index.php\/wp-json\/wp\/v2\/users\/1"}],"replies":[{"embeddable":true,"href":"https:\/\/prix-rotary-de-la-citoyennete.org\/index.php\/wp-json\/wp\/v2\/comments?post=60"}],"version-history":[{"count":11,"href":"https:\/\/prix-rotary-de-la-citoyennete.org\/index.php\/wp-json\/wp\/v2\/pages\/60\/revisions"}],"predecessor-version":[{"id":521,"href":"https:\/\/prix-rotary-de-la-citoyennete.org\/index.php\/wp-json\/wp\/v2\/pages\/60\/revisions\/521"}],"wp:attachment":[{"href":"https:\/\/prix-rotary-de-la-citoyennete.org\/index.php\/wp-json\/wp\/v2\/media?parent=60"}],"curies":[{"name":"wp","href":"https:\/\/api.w.org\/{rel}","templated":true}]}}